{"id":1230,"date":"2019-08-15T11:21:57","date_gmt":"2019-08-15T10:21:57","guid":{"rendered":"http:\/\/www.rybareninorsko.eu\/?post_type=product&#038;p=1230"},"modified":"2024-04-02T09:45:11","modified_gmt":"2024-04-02T08:45:11","slug":"darkovy-pouzkaz-2000kc","status":"publish","type":"product","link":"https:\/\/www.rybareninorsko.cz\/?product=darkovy-pouzkaz-2000kc","title":{"rendered":"D\u00e1rkov\u00fd pouzkaz 2000K\u010d"},"content":{"rendered":"<p>Vyu\u017eijte d\u00e1rkov\u00fd poukaz pro n\u00e1kup na na\u0161em eshopu nebo p\u0159\u00edmo v Kol\u00edn\u011b. Poukaz snadno uplatn\u00edte zad\u00e1n\u00edm k\u00f3du v ko\u0161\u00edku nebo jeho p\u0159edlo\u017een\u00edm a\u017e budete u n\u00e1s.<\/p>\n","protected":false},"excerpt":{"rendered":"<p>Vyu\u017eijte d\u00e1rkov\u00fd poukaz pro n\u00e1kup na na\u0161em eshopu nebo p\u0159\u00edmo v Kol\u00edn\u011b. Poukaz snadno uplatn\u00edte zad\u00e1n\u00edm k\u00f3du v ko\u0161\u00edku nebo jeho p\u0159edlo\u017een\u00edm a\u017e budete u n\u00e1s.<\/p>\n","protected":false},"featured_media":2708,"comment_status":"open","ping_status":"closed","template":"","meta":[],"product_cat":[30],"product_tag":[],"_links":{"self":[{"href":"https:\/\/www.rybareninorsko.cz\/index.php?rest_route=\/wp\/v2\/product\/1230"}],"collection":[{"href":"https:\/\/www.rybareninorsko.cz\/index.php?rest_route=\/wp\/v2\/product"}],"about":[{"href":"https:\/\/www.rybareninorsko.cz\/index.php?rest_route=\/wp\/v2\/types\/product"}],"replies":[{"embeddable":true,"href":"https:\/\/www.rybareninorsko.cz\/index.php?rest_route=%2Fwp%2Fv2%2Fcomments&post=1230"}],"wp:featuredmedia":[{"embeddable":true,"href":"https:\/\/www.rybareninorsko.cz\/index.php?rest_route=\/wp\/v2\/media\/2708"}],"wp:attachment":[{"href":"https:\/\/www.rybareninorsko.cz\/index.php?rest_route=%2Fwp%2Fv2%2Fmedia&parent=1230"}],"wp:term":[{"taxonomy":"product_cat","embeddable":true,"href":"https:\/\/www.rybareninorsko.cz\/index.php?rest_route=%2Fwp%2Fv2%2Fproduct_cat&post=1230"},{"taxonomy":"product_tag","embeddable":true,"href":"https:\/\/www.rybareninorsko.cz\/index.php?rest_route=%2Fwp%2Fv2%2Fproduct_tag&post=1230"}],"curies":[{"name":"wp","href":"https:\/\/api.w.org\/{rel}","templated":true}]}}