{"id":48,"date":"2019-07-29T11:01:32","date_gmt":"2019-07-29T10:01:32","guid":{"rendered":"http:\/\/www.rybareninorsko.eu\/?page_id=48"},"modified":"2019-08-01T09:15:03","modified_gmt":"2019-08-01T08:15:03","slug":"cookies","status":"publish","type":"page","link":"https:\/\/www.rybareninorsko.cz\/?page_id=48","title":{"rendered":"Cookies"},"content":{"rendered":"\n<p class=\"has-medium-font-size\">Pro\u010d je tu toto prohl\u00e1\u0161en\u00ed<\/p>\n\n\n\n<p>Za v\u0161\u00edm stoj\u00ed snaha <strong>Evropsk\u00e9 unie <\/strong>chr\u00e1nit osobn\u00ed \t\t\t\u00fadaje u\u017eivatel\u016f internetov\u00e9 s\u00edt\u011b. Ty se zpravidla ukl\u00e1daj\u00ed pr\u00e1v\u011b do \t\t\tsoubor\u016f cookies. EU nyn\u00ed p\u0159i\u0161la se sm\u011brnic\u00ed, v n\u00ed\u017e se zjednodu\u0161en\u011b \t\t\t\u0159e\u010deno prav\u00ed, \u017ee pokud internetov\u00e1 str\u00e1nka ukl\u00e1d\u00e1 cookies, m\u011bla by \t\t\tsi k tomu nejprve vy\u017e\u00e1dat souhlas u\u017eivatele.<\/p>\n\n\n\n<p>Net\u00fdk\u00e1 se to v\u0161ak v\u0161ech typ\u016f cookies, ale jen n\u011bkter\u00fdch. Vyjmuty \t\t\tz t\u00e9to problematiky jsou nap\u0159\u00edklad cookies, kter\u00e9 jsou pro fungov\u00e1n\u00ed \t\t\twebu nezbytn\u00e9. U e-shop\u016f je to p\u0159edev\u0161\u00edm ukl\u00e1d\u00e1n\u00ed zbo\u017e\u00ed do ko\u0161\u00edku.<\/p>\n\n\n\n<p>Podle \u010desk\u00fdch z\u00e1kon\u016f jsou provozovatel\u00e9 povinni zat\u00edm jen \t\t\tu\u017eivatele o <strong>ukl\u00e1d\u00e1n\u00ed s cookies informovat<\/strong> a d\u00e1t jim \t\t\tmo\u017enost je odm\u00edtnout. Sm\u011brnice je zat\u00edm ve f\u00e1zi doporu\u010den\u00ed, aby ji \t\t\tst\u00e1ty EU aplikovaly do sv\u00fdch z\u00e1kon\u016f. <\/p>\n\n\n\n<p class=\"has-medium-font-size\">Co jsou cookies?<\/p>\n\n\n\n<p>Cookies jsou mal\u00e9 textov\u00e9 soubory, kter\u00e9 jsou um\u00edst\u011bn\u00e9 na V\u00e1\u0161 \t\t\t po\u010d\u00edta\u010d webov\u00fdmi str\u00e1nkami, kter\u00e9 nav\u0161t\u00edv\u00edte. <strong>Jsou v\u0161eobecn\u011b \t\t\t pou\u017e\u00edvan\u00e9 pro fungov\u00e1n\u00ed webov\u00fdch str\u00e1nek<\/strong>, p\u0159\u00edpadn\u011b pro \t\t\tz\u00edsk\u00e1n\u00ed d\u016fle\u017eit\u00fdch informac\u00ed o pou\u017e\u00edv\u00e1n\u00ed str\u00e1nek (nap\u0159\u00edkladv na\u0161em \t\t\tp\u0159\u00edpad\u011b je to sledov\u00e1n\u00ed n\u00e1v\u0161t\u011bvnosti).<\/p>\n\n\n\n<p class=\"has-medium-font-size\">Jak a pro\u010d pou\u017e\u00edv\u00e1me cookies?<\/p>\n\n\n\n<p>Cookies pou\u017e\u00edv\u00e1me pro zlep\u0161en\u00ed funk\u010dnosti na\u0161ich webov\u00fdch str\u00e1nek \t\t\t(informace o po\u010das\u00ed) a sledov\u00e1n\u00ed n\u00e1v\u0161t\u011bvnosti. <strong>Nepou\u017e\u00edv\u00e1me \t\t\tcookies ke sb\u011bru osobn\u00edch \u00fadaj\u016f jako je va\u0161e jm\u00e9no a dal\u0161\u00ed.<\/strong><\/p>\n\n\n\n<p class=\"has-medium-font-size\">Jak mohu zm\u011bnit nastaven\u00ed pro cookies?<\/p>\n\n\n\n<p>Nastaven\u00ed cookies m\u016f\u017eete kdykoli zm\u011bnit p\u0159\u00edmo v nastaven\u00ed Va\u0161eho \t\t\tprohl\u00ed\u017ee\u010de. Je ale pravd\u011bpodobn\u00e9, \u017ee t\u00edm omez\u00edte\/znemo\u017en\u00edte \t\t\tfunk\u010dnost na\u0161ich\/dal\u0161\u00edch str\u00e1nek.<\/p>\n\n\n\n<p class=\"has-medium-font-size\">Jak\u00e9 typy cookies se pou\u017e\u00edvaj\u00ed?<\/p>\n\n\n\n<p>Na t\u00e9to webov\u00e9 str\u00e1nce jsou pou\u017e\u00edvan\u00e9 n\u00e1sleduj\u00edc\u00ed cookies (uv\u00e1d\u00edme \t\t\tv\u0161echny i ty, kter\u00e9 jsou ze sm\u011brnice EU vyjmut\u00e9) a k \u010demu jsou \t\t\tdobr\u00e9:<\/p>\n\n\n\n<ul><li>Facebook plugin &#8211; mo\u017enost ozna\u010den\u00ed str\u00e1nky pomoc\u00ed To se mi \t\t\t\tl\u00edb\u00ed<\/li><li>Google Plus plugin &#8211; mo\u017enost ozna\u010den\u00ed str\u00e1nky pomoc\u00ed +1<\/li><li>Google Analytics plugin &#8211; sledov\u00e1n\u00ed n\u00e1v\u0161t\u011bvnosti str\u00e1nek<\/li><li>Po\u010d\u00edtadlo &#8211; po\u010d\u00edtadlo n\u00e1v\u0161t\u011bvnosti str\u00e1nek<\/li><li>Po\u010das\u00ed &#8211; informace o po\u010das\u00ed<\/li><li>Kurz \u20ac &#8211; kurz \u20ac\/CZK<\/li><li>Eshop &#8211; ukl\u00e1d\u00e1n\u00ed informac\u00ed o vybran\u00e9m\/po\u017eadovan\u00e9m zbo\u017e\u00ed.<\/li><\/ul>\n\n\n\n<p>Pros\u00edm, nav\u0161tivte ob\u010das tuto str\u00e1nku, abyste si mohli \t\t\tzkontrolovat tyto informace a nov\u00e9 dodate\u010dn\u00e9 informace. <\/p>\n","protected":false},"excerpt":{"rendered":"<p>Pro\u010d je tu toto prohl\u00e1\u0161en\u00ed Za v\u0161\u00edm stoj\u00ed snaha Evropsk\u00e9 unie chr\u00e1nit osobn\u00ed \u00fadaje u\u017eivatel\u016f internetov\u00e9 s\u00edt\u011b. Ty se zpravidla ukl\u00e1daj\u00ed pr\u00e1v\u011b do soubor\u016f cookies. EU nyn\u00ed p\u0159i\u0161la se sm\u011brnic\u00ed, v n\u00ed\u017e se zjednodu\u0161en\u011b \u0159e\u010deno prav\u00ed, \u017ee pokud internetov\u00e1 str\u00e1nka ukl\u00e1d\u00e1 cookies, m\u011bla by si k tomu nejprve vy\u017e\u00e1dat souhlas u\u017eivatele. Net\u00fdk\u00e1 se to v\u0161ak [&hellip;]<\/p>\n","protected":false},"author":1,"featured_media":0,"parent":0,"menu_order":0,"comment_status":"closed","ping_status":"closed","template":"","meta":[],"_links":{"self":[{"href":"https:\/\/www.rybareninorsko.cz\/index.php?rest_route=\/wp\/v2\/pages\/48"}],"collection":[{"href":"https:\/\/www.rybareninorsko.cz\/index.php?rest_route=\/wp\/v2\/pages"}],"about":[{"href":"https:\/\/www.rybareninorsko.cz\/index.php?rest_route=\/wp\/v2\/types\/page"}],"author":[{"embeddable":true,"href":"https:\/\/www.rybareninorsko.cz\/index.php?rest_route=\/wp\/v2\/users\/1"}],"replies":[{"embeddable":true,"href":"https:\/\/www.rybareninorsko.cz\/index.php?rest_route=%2Fwp%2Fv2%2Fcomments&post=48"}],"version-history":[{"count":2,"href":"https:\/\/www.rybareninorsko.cz\/index.php?rest_route=\/wp\/v2\/pages\/48\/revisions"}],"predecessor-version":[{"id":207,"href":"https:\/\/www.rybareninorsko.cz\/index.php?rest_route=\/wp\/v2\/pages\/48\/revisions\/207"}],"wp:attachment":[{"href":"https:\/\/www.rybareninorsko.cz\/index.php?rest_route=%2Fwp%2Fv2%2Fmedia&parent=48"}],"curies":[{"name":"wp","href":"https:\/\/api.w.org\/{rel}","templated":true}]}}