{"id":47,"date":"2019-07-29T11:01:31","date_gmt":"2019-07-29T10:01:31","guid":{"rendered":"http:\/\/www.rybareninorsko.eu\/?page_id=47"},"modified":"2022-10-21T10:07:15","modified_gmt":"2022-10-21T09:07:15","slug":"napsali-o-nas","status":"publish","type":"page","link":"https:\/\/www.rybareninorsko.cz\/?page_id=47","title":{"rendered":"Napsali o n\u00e1s"},"content":{"rendered":"\n<p><strong>\u010cesk\u00fd Ryb\u00e1\u0159 (vy\u0161lo 28.2.2011)<\/strong><br>V\u00fdzva jm\u00e9nem mo\u0159sk\u00fd mn\u00edk (str. 36-39) \u2013 autor pracuje jako ryb\u00e1\u0159sk\u00fd  pr\u016fvodce v Norsku a jeho zku\u0161enosti s c\u00edlen\u00fdm lovem mo\u0159sk\u00fdch mn\u00edk\u016f  jsou opravdu rozs\u00e1hl\u00e9 (Jan Dufek).<\/p>\n\n\n\n<p><strong>Kol\u00ednsk\u00fd Pres (vy\u0161lo 15.3.2011) &#8211; Dufek  ulovil des\u00edtky poslucha\u010d\u016f<\/strong><br>&#8222;Norsko &#8211; Na lovu velk\u00fdch mn\u00edk\u016f&#8220;, tak zn\u011bl n\u00e1zev p\u0159edn\u00e1\u0161ky Jana  Dufka, kterou 10. b\u0159ezna vid\u011bla zcela zapln\u011bn\u00e1 \u010d\u00edt\u00e1rna M\u011bstsk\u00e9  knihovny Kol\u00edn. Ryb\u00e1\u0159sk\u00fd pr\u016fvodce v Norsku, prepar\u00e1tor ryb\u00edch  trofej\u00ed a neposledn\u00ed \u0159ad\u011b v\u00fdborn\u00fd ryb\u00e1\u0159 nal\u00e1kal na svou besedu  z\u00e1jemce z cel\u00fdch \u010cech. Cesta do Kol\u00edna se jim vyplatila, Jan Dufek  poradil nejen nejlep\u0161\u00ed loveck\u00e9 n\u00e1strahy, ale sv\u00e9 publikum  namotivoval k n\u00e1v\u0161t\u011bv\u011b Norska p\u0159ekr\u00e1sn\u00fdmi fotografiemi z rybolovu i  norsk\u00e9 p\u0159\u00edrody. Loveck\u00e1 p\u0159edn\u00e1\u0161ka se stala jednou z nej\u00fasp\u011b\u0161n\u011bj\u0161\u00edch  ud\u00e1lost\u00ed v knihovn\u011b, je\u0161t\u011b dlouho po ofici\u00e1ln\u00edm skon\u010den\u00ed n\u011bkolik  des\u00edtek ryb\u00e1\u0159\u016f \u017eiv\u011b diskutovalo a vym\u011b\u0148ovalo si zku\u0161enosti z  mo\u0159sk\u00e9ho rybolovu. Kol\u00ed\u0148\u00e1k Jan Dufek je na\u0161im p\u0159edn\u00edm specialistou  na lov mo\u0159sk\u00fdch mn\u00edk\u016f, v rekordn\u00edch \u010desk\u00fdch tabulk\u00e1ch dr\u017e\u00ed j\u00edm  chycen\u00ed mn\u00edci druhou a t\u0159et\u00ed p\u0159\u00ed\u010dku. Pokud jste p\u0159edn\u00e1\u0161ku nestihli,  doporu\u010dujeme nav\u0161t\u00edvit Dufk\u016fv web, kde najdete mimo jin\u00e9 i obs\u00e1hlou  fotogalerii.<\/p>\n\n\n\n<p><strong>Kol\u00ednsk\u00fd Pres (vy\u0161lo 2.4.2013) &#8211; Knihovna  Kol\u00edn<\/strong><br>Z cel\u00e9 republiky se sjeli z\u00e1jemci na p\u0159edn\u00e1\u0161ku ryb\u00e1\u0159sk\u00e9ho pr\u016fvodce a  \u00fasp\u011b\u0161n\u00e9ho lovce Honzy Dufka do kol\u00ednsk\u00e9 knihovny. V \u00fater\u00fd ve  v\u00fdstavn\u00edm s\u00e1le knihovny se dozv\u011bd\u011bli mnoho nov\u00e9ho o Norsku i nov\u00fdch  ryb\u00e1\u0159sk\u00fdch technik\u00e1ch. Prom\u00edtnut byl i kr\u00e1tk\u00fd film.<\/p>\n\n\n\n<p><strong>M\u011bstsk\u00e1 knihovna Kol\u00edn (10.3.2011) &#8211; Norsko &#8211; Na  lovu velk\u00fdch mn\u00edk\u016f<\/strong><br>byl n\u00e1zev p\u0159edn\u00e1\u0161ky Jana Dufka, kter\u00e1 zcela zaplnila \u010d\u00edt\u00e1rnu  M\u011bstsk\u00e9 knihovny Kol\u00edn. Ryb\u00e1\u0159sk\u00fd pr\u016fvodce v Norsku, prepar\u00e1tor  ryb\u00edch trofej\u00ed a neposledn\u00ed \u0159ad\u011b v\u00fdborn\u00fd ryb\u00e1\u0159 nal\u00e1kal do knihovny  milovn\u00edky Norska z cel\u00fdch \u010cech. Jan Dufek je specialistou na lov  mo\u0159sk\u00fdch mn\u00edk\u016f a v rekordn\u00edch \u010desk\u00fdch tabulk\u00e1ch dr\u017e\u00ed j\u00edm chycen\u00ed  mn\u00edci druhou a t\u0159et\u00ed p\u0159\u00ed\u010dku. Poradil nejen nejlep\u0161\u00ed n\u00e1strahy, ale  n\u00e1v\u0161t\u011bvn\u00edci p\u0159edn\u00e1\u0161ky byli okouzleni kr\u00e1sn\u00fdmi fotografiemi nejen z  rybolovu, ale z cel\u00e9ho Norska. P\u0159edn\u00e1\u0161ka byla jedna z  nej\u00fasp\u011b\u0161n\u011bj\u0161\u00edch a je\u0161t\u011b dlouho po ofici\u00e1ln\u00edm skon\u010den\u00ed n\u011bkolik  des\u00edtek ryb\u00e1\u0159\u016f \u017eiv\u011b diskutovalo a vym\u011b\u0148ovalo sv\u00e9 zku\u0161enosti z  mo\u0159sk\u00e9ho rybolovu. V\u00edce se o Janu Dufkovi lze do\u010d\u00edst na jeho  str\u00e1nk\u00e1ch, kter\u00e9 obsahuj\u00ed i slu\u0161nou fotogalerii.<\/p>\n\n\n\n<p><strong>FOR FISHING 2011, 2012, 2013, 2014, 2015, 2016, 2017, 2018, 2019, 2020, 2022<\/strong><br>Vyjeli jsme za v\u00e1mi, v\u00fdborn\u00e1 akce a neskute\u010dn\u00e9 mno\u017estv\u00ed milovn\u00edk\u016f  ryba\u0159en\u00ed, p\u0159ije\u010fte za n\u00e1mi i p\u0159\u00ed\u0161t\u011b!<\/p>\n\n\n\n<p><strong>Rybolov Norsko &#8211; rekordn\u00ed \u00falovky &#8211; Mn\u00edk  mo\u0159sk\u00fd (2. m\u00edsto)<\/strong><br>160cm; 28,1kg<br>Hallarevet, hned na prvn\u00ed drift na 160 metrech p\u0159i\u0161el uk\u00e1zkov\u00fd mn\u00ed\u010d\u00ed  z\u00e1b\u011br a v\u00fdsledkem p\u016flhodinov\u00e9ho zdol\u00e1v\u00e1n\u00ed byl tenhle macek. Uloven  na vlastn\u00ed n\u00e1vazec a cel\u00e9ho sled\u011b. Prut Penn Prion Inline (2,4m,  8Olb), navij\u00e1k Daiwa Tanacom 600Fe, \u0161\u0148\u016fra Sufix Performance 65lb.<\/p>\n\n\n\n<p><strong>Rybolov Norsko &#8211; rekordn\u00ed \u00falovky &#8211; Mn\u00edk  mo\u0159sk\u00fd (3. m\u00edsto)<\/strong><br>168cm; 27,5kg<br>Kr\u00e1sn\u00fd drift 0,35kn, z\u00e1t\u011b\u017e 700gr, n\u00e1straha n\u00e1vazec R. Korn,  dva jednoh\u00e1(\u010d)ky 8\/0, n\u00e1straha cel\u00fd keler cca 30cm, prut WFT North  68, Daiwa 600FE, pletenka Sufix Performance 65lb,forpas z Platil  Marine 0,90mm, blikavka, zdol\u00e1v\u00e1n ru\u010dn\u011b, elektrika to absolutn\u011b  nebrala a ani jsem to neriskoval, hodn\u011b \u0161el p\u0159es brzdu, bojoval a  trvalo p\u0159es \u010dtvrt hodiny ne\u017e se nechal zvednout ode dna\u2026celkov\u011b  dob\u0159e p\u0159es p\u016fl hodiny.<\/p>\n\n\n\n<p><strong>Rybolov Norsko &#8211; rekordn\u00ed \u00falovky &#8211; Treska  tmav\u00e1 (3. m\u00edsto)<\/strong><br>121cm; 16kg<br>Uloven 5.6. 2011, Titran-Froya (Ornklakken). Z\u00e1b\u011br p\u0159i\u0161el asi ve 30m  v 60m hloubce na \u010dern\u00e9ho ripera MYSTIC a 85gr jig TORPEDO. Zdol\u00e1v\u00e1n  kolem p\u016fl hodiny, prut Savgear Extreme Spin 150, navij\u00e1k Daiwa  Exceler 4000 a\u0161n\u016fra Tuff-line 50lb.<\/p>\n\n\n\n<p><strong>Rybolov Norsko &#8211; rekordn\u00ed \u00falovky &#8211; Treska polak  (4. m\u00edsto)<\/strong><br>98cm; 10kg<br>Treska byla ulovena na ostrov\u011b Hitra 11.5.2007 Dolmoy Gjestebrygge,  navij\u00e1k Ryobi zauber 4000, prut Penn Charisma 90\u2013150g, n\u00e1straha  riper Relax\u017elutohn\u011bdooran\u017eov\u00fd, jigg 50g, Fireline 0.17mm.<\/p>\n\n\n\n<p><strong>KystOgFjord &#8211; Tsjekker med kjempesei  (10.6.2011)<\/strong><br>Tsjekkeren Jan Dufek har i det siste tilbragt dagene ved Titran  rorbuer. Som ivrig fisker pr\u00f8vde han ogs\u00e5 s\u00f8ndag fiskelykken, melder  avisa Hitra-Fr\u00f8ya.<br>Og napp ble det. Plutselig bet en storsei p\u00e5 kroken. Kun utstyrt med  en lett fiskestang klarte Jan \u00e5 hale stor storfisken i land. Fisken  viste seg \u00e5 v\u00e6re hele 121 cm lang og 16 kilo tung. Dermed har  ihverfall tsjekkeren en god fiskehistorie \u00e5 fortelle n\u00e5r han vender  hjem.<br>Verdensrekord for sei p\u00e5 stang er 22,70 kg. Den seien ble tatt av  Thor-Magnus Lekang i Saltstraumen ved Bod\u00f8 i1995. <\/p>\n\n\n\n<p><strong>P\u0159edn\u00e1\u0161ka Veltruby (leden 2017)<\/strong><br> Pro za\u010d\u00ednaj\u00edc\u00ed ryb\u00e1\u0159e a z\u00e1jemce o mo\u0159skou ryba\u0159inu se konala  p\u0159edn\u00e1\u0161ka v obci Veltruby hned na po\u010d\u00e1tku roku 2017. Na m\u00edst\u011b se  se\u0161lo p\u0159es \u0161edes\u00e1t poslucha\u010d\u016f od nejmen\u0161\u00edch po zku\u0161en\u00e9 ryb\u00e1\u0159e.<\/p>\n","protected":false},"excerpt":{"rendered":"<p>\u010cesk\u00fd Ryb\u00e1\u0159 (vy\u0161lo 28.2.2011)V\u00fdzva jm\u00e9nem mo\u0159sk\u00fd mn\u00edk (str. 36-39) \u2013 autor pracuje jako ryb\u00e1\u0159sk\u00fd pr\u016fvodce v Norsku a jeho zku\u0161enosti s c\u00edlen\u00fdm lovem mo\u0159sk\u00fdch mn\u00edk\u016f jsou opravdu rozs\u00e1hl\u00e9 (Jan Dufek). Kol\u00ednsk\u00fd Pres (vy\u0161lo 15.3.2011) &#8211; Dufek ulovil des\u00edtky poslucha\u010d\u016f&#8222;Norsko &#8211; Na lovu velk\u00fdch mn\u00edk\u016f&#8220;, tak zn\u011bl n\u00e1zev p\u0159edn\u00e1\u0161ky Jana Dufka, kterou 10. b\u0159ezna vid\u011bla zcela [&hellip;]<\/p>\n","protected":false},"author":1,"featured_media":0,"parent":0,"menu_order":0,"comment_status":"closed","ping_status":"closed","template":"","meta":[],"_links":{"self":[{"href":"https:\/\/www.rybareninorsko.cz\/index.php?rest_route=\/wp\/v2\/pages\/47"}],"collection":[{"href":"https:\/\/www.rybareninorsko.cz\/index.php?rest_route=\/wp\/v2\/pages"}],"about":[{"href":"https:\/\/www.rybareninorsko.cz\/index.php?rest_route=\/wp\/v2\/types\/page"}],"author":[{"embeddable":true,"href":"https:\/\/www.rybareninorsko.cz\/index.php?rest_route=\/wp\/v2\/users\/1"}],"replies":[{"embeddable":true,"href":"https:\/\/www.rybareninorsko.cz\/index.php?rest_route=%2Fwp%2Fv2%2Fcomments&post=47"}],"version-history":[{"count":4,"href":"https:\/\/www.rybareninorsko.cz\/index.php?rest_route=\/wp\/v2\/pages\/47\/revisions"}],"predecessor-version":[{"id":2688,"href":"https:\/\/www.rybareninorsko.cz\/index.php?rest_route=\/wp\/v2\/pages\/47\/revisions\/2688"}],"wp:attachment":[{"href":"https:\/\/www.rybareninorsko.cz\/index.php?rest_route=%2Fwp%2Fv2%2Fmedia&parent=47"}],"curies":[{"name":"wp","href":"https:\/\/api.w.org\/{rel}","templated":true}]}}