{"id":35,"date":"2019-07-29T11:01:31","date_gmt":"2019-07-29T10:01:31","guid":{"rendered":"http:\/\/www.rybareninorsko.eu\/?page_id=35"},"modified":"2022-10-19T12:29:17","modified_gmt":"2022-10-19T11:29:17","slug":"kam-na-vylet-v-okoli","status":"publish","type":"page","link":"https:\/\/www.rybareninorsko.cz\/?page_id=35","title":{"rendered":"Kam na v\u00fdlet v okol\u00ed"},"content":{"rendered":"\n<p class=\"has-medium-font-size\">Zaj\u00edmav\u00e1 m\u00edsta<\/p>\n\n\n\n<p>Pokud se v\u00e1m n\u00e1hodou nebude cht\u00edt vyjet na mo\u0159e, d\u00e1 se okol\u00ed \t\t\tvyu\u017e\u00edt i pro cestov\u00e1n\u00ed. K nalezen\u00ed je nem\u00e1lo zaj\u00edmav\u00fdch m\u00edst a o p\u00e1r \t\t\tz nich se zde pod\u011bl\u00edme. Obsah budeme postupn\u011b roz\u0161i\u0159ovat a informaci \t\t\to nov\u00e9m m\u00edst\u011b najdete v\u017edy i v novink\u00e1ch. Za\u010dneme nejbli\u017e\u0161\u00edm okol\u00edm \t\t\tdostupn\u00fdm mnohdy i p\u011b\u0161ky.<\/p>\n\n\n\n<p>Pokud m\u00e1te n\u00e1vrh na n\u011bjak\u00e9 zaj\u00edmav\u00e9 m\u00edsto, r\u00e1di ho p\u0159id\u00e1me. Sta\u010d\u00ed  napsat na n\u00e1\u0161 email.<\/p>\n\n\n\n<p class=\"has-medium-font-size\">Dolm, Dolmwarden<\/p>\n\n\n\n<p>Nedaleko kempu se nach\u00e1z\u00ed Dolm, m\u00edsto, o kter\u00e9m se mi na  internetu nepoda\u0159ilo dohledat mnoho informac\u00ed. A to i p\u0159es to, \u017ee je  to &#8211; alespo\u0148 dle popisk\u016f na m\u00edst\u011b &#8211; historicky velmi d\u016fle\u017eit\u00e9 a  hodnotn\u00e9 m\u00edsto. Dolm najdete p\u0159ibli\u017en\u011b 5 kilometr\u016f daleko, tedy d\u00e1  se tam doj\u00edt bez probl\u00e9m\u016f i p\u011b\u0161ky, p\u0159\u00edpadn\u011b tedy vyu\u017e\u00edt auta. Na  m\u00edst\u011b je i mo\u017enost odlo\u017eit si auto na parkovi\u0161ti a vydat se na  proch\u00e1zku po cel\u00e9 osad\u011b, prohl\u00e9dnout si kostel (bohu\u017eel jen z venku)  a vyrazit na bl\u00edzkou vyhl\u00eddku, ze kter\u00e9 je n\u00e1dhern\u00fd v\u00fdhled do cel\u00e9ho  okol\u00ed.<\/p>\n\n\n\n<div class=\"wp-block-image\"><figure class=\"aligncenter\"><img decoding=\"async\" loading=\"lazy\" width=\"640\" height=\"478\" src=\"http:\/\/www.rybareninorsko.eu\/wp-content\/uploads\/2019\/09\/dolm_1.jpg\" alt=\"\" class=\"wp-image-1512\" srcset=\"https:\/\/www.rybareninorsko.cz\/wp-content\/uploads\/2019\/09\/dolm_1.jpg 640w, https:\/\/www.rybareninorsko.cz\/wp-content\/uploads\/2019\/09\/dolm_1-300x225.jpg 300w, https:\/\/www.rybareninorsko.cz\/wp-content\/uploads\/2019\/09\/dolm_1-600x448.jpg 600w\" sizes=\"(max-width: 640px) 100vw, 640px\" \/><\/figure><\/div>\n\n\n\n<p>T\u00edm jsme se dostali k tomu, co n\u00e1s zde \u010dek\u00e1. Dle informac\u00edch  z\u00edskan\u00fdch na m\u00edst\u011b, kter\u00e9 jsou z velk\u00e9 \u010d\u00e1sti pouze v m\u00edstn\u00edm jazyce,  je toto m\u00edsto jedno z nejd\u00e9le os\u00eddlen\u00fdch m\u00edst st\u0159edn\u00edho Norska.  Prvn\u00ed stopy os\u00eddlen\u00ed jsou zde od mlad\u0161\u00ed doby kamen\u00e9 (zhruba 10000  let)&nbsp; a ji\u017e v t\u00e9 dob\u011b zde existovalo velk\u00e9 mno\u017estv\u00ed osad. Sl\u00e1va  tohoto m\u00edsta p\u0159e\u017eila dle zachovan\u00fdch mohyl i dal\u0161\u00ed cel\u00e9 v\u011bky, dobu  bronzovou i \u017eeleznou.<\/p>\n\n\n\n<div class=\"wp-block-image\"><figure class=\"aligncenter\"><img decoding=\"async\" loading=\"lazy\" width=\"640\" height=\"480\" src=\"http:\/\/www.rybareninorsko.eu\/wp-content\/uploads\/2019\/09\/kostel_1.jpg\" alt=\"\" class=\"wp-image-1513\" srcset=\"https:\/\/www.rybareninorsko.cz\/wp-content\/uploads\/2019\/09\/kostel_1.jpg 640w, https:\/\/www.rybareninorsko.cz\/wp-content\/uploads\/2019\/09\/kostel_1-300x225.jpg 300w, https:\/\/www.rybareninorsko.cz\/wp-content\/uploads\/2019\/09\/kostel_1-600x450.jpg 600w\" sizes=\"(max-width: 640px) 100vw, 640px\" \/><\/figure><\/div>\n\n\n\n<p>Doporu\u010duji proj\u00edt si h\u0159bitov u m\u00edstn\u00edho kostela. Na kr\u00e1sn\u00fdch  historick\u00fdch n\u00e1hrobc\u00edch, kter\u00e9 jsou mnohdy vzhledem ke sv\u00e9mu v\u011bku  ji\u017e t\u011b\u017eko \u010diteln\u00e9, se d\u00e1 v\u0161imnout neskute\u010dn\u00e9 drsnosti m\u00edstn\u00ed krajiny,  kter\u00e1 \u017eivot nesnadno d\u00e1vala, zato za dlouh\u00fdch zim velice snadno  brala.<\/p>\n\n\n\n<div class=\"wp-block-image\"><figure class=\"aligncenter\"><img decoding=\"async\" loading=\"lazy\" width=\"640\" height=\"478\" src=\"http:\/\/www.rybareninorsko.eu\/wp-content\/uploads\/2019\/09\/nahrobky_1.jpg\" alt=\"\" class=\"wp-image-1514\" srcset=\"https:\/\/www.rybareninorsko.cz\/wp-content\/uploads\/2019\/09\/nahrobky_1.jpg 640w, https:\/\/www.rybareninorsko.cz\/wp-content\/uploads\/2019\/09\/nahrobky_1-300x225.jpg 300w, https:\/\/www.rybareninorsko.cz\/wp-content\/uploads\/2019\/09\/nahrobky_1-600x448.jpg 600w\" sizes=\"(max-width: 640px) 100vw, 640px\" \/><\/figure><\/div>\n\n\n\n<p>Po proch\u00e1zce okolo kostela a celou osadou doporu\u010duji nav\u0161t\u00edvit  ji\u017e v \u00favodu zm\u00edn\u011bnou vyhl\u00eddku. Ta nen\u00ed zrovna moc dob\u0159e zna\u010den\u00e1.  Dostanete se na n\u00ed vstupem p\u0159es ohradn\u00edk, p\u0159\u00edmo u cedul\u00ed s  informacemi o osad\u011b. Pot\u00e9 doporu\u010duji j\u00edt pod\u00e9l kol\u00edk\u016f zatlu\u010den\u00fdch po  n\u011bkolika metrech v zemi skrz mal\u00e9, v\u011btrem trochu po\u0161ramocenn\u00e9 a  pokroucen\u00e9 b\u0159\u00edzky. Pot\u00e9 sta\u010d\u00ed vystoupat na n\u011bkolik metr\u016f vysok\u00fd  pahorek. I t\u011bch n\u011bkolik metr\u016f ov\u0161em sta\u010d\u00ed pro z\u00edsk\u00e1n\u00ed n\u00e1dhern\u00e9ho  v\u00fdhledu do cel\u00e9ho okol\u00ed. Na m\u00edst\u011b najdete obl\u00edben\u00fd &#8222;not\u00fdsek&#8220;,  doporu\u010duji nalistovat posledn\u00ed p\u0159\u00edsp\u011bvek p\u0159edchoz\u00edho n\u00e1v\u0161t\u011bvn\u00edka a  zanechat tu vzkaz t\u011bm dal\u0161\u00edm.<\/p>\n\n\n\n<div class=\"wp-block-image\"><figure class=\"aligncenter\"><img decoding=\"async\" loading=\"lazy\" width=\"640\" height=\"480\" src=\"http:\/\/www.rybareninorsko.eu\/wp-content\/uploads\/2019\/09\/vetrno_1.jpg\" alt=\"\" class=\"wp-image-1515\" srcset=\"https:\/\/www.rybareninorsko.cz\/wp-content\/uploads\/2019\/09\/vetrno_1.jpg 640w, https:\/\/www.rybareninorsko.cz\/wp-content\/uploads\/2019\/09\/vetrno_1-300x225.jpg 300w, https:\/\/www.rybareninorsko.cz\/wp-content\/uploads\/2019\/09\/vetrno_1-600x450.jpg 600w\" sizes=\"(max-width: 640px) 100vw, 640px\" \/><\/figure><\/div>\n\n\n\n<p>To je asi k Dolmu v\u0161e, stoj\u00ed za n\u00e1v\u0161t\u011bvu nejen t\u00edm, \u017ee je to jen  kousek od kempu. Historie je z n\u011bj c\u00edtit a vyhl\u00eddka v\u00e1s odm\u011bn\u00ed  v\u00fdhledem do krajiny st\u0159edn\u00edho Norska. Jen pozor, b\u00fdv\u00e1 tam velmi  v\u011btrno. P\u0159i posledn\u00ed n\u00e1v\u0161t\u011bv\u011b jsme vy\u0161plhali na vyhl\u00eddku v obdob\u00ed  siln\u00e9ho v\u011btru p\u0159es 20m\/s. Na fotk\u00e1ch to vypad\u00e1, \u017ee bylo n\u00e1dhern\u011b,   ale skute\u010dnost byla takov\u00e1, \u017ee jsme byli r\u00e1di, \u017ee stoj\u00edme.<\/p>\n\n\n\n<div class=\"wp-block-image\"><figure class=\"aligncenter\"><img decoding=\"async\" loading=\"lazy\" width=\"640\" height=\"480\" src=\"http:\/\/www.rybareninorsko.eu\/wp-content\/uploads\/2019\/09\/vyhlidka_3.jpg\" alt=\"\" class=\"wp-image-1516\" srcset=\"https:\/\/www.rybareninorsko.cz\/wp-content\/uploads\/2019\/09\/vyhlidka_3.jpg 640w, https:\/\/www.rybareninorsko.cz\/wp-content\/uploads\/2019\/09\/vyhlidka_3-300x225.jpg 300w, https:\/\/www.rybareninorsko.cz\/wp-content\/uploads\/2019\/09\/vyhlidka_3-600x450.jpg 600w\" sizes=\"(max-width: 640px) 100vw, 640px\" \/><\/figure><\/div>\n\n\n\n<p>Z n\u00e1v\u0161t\u011bvy Dolmu se pro m\u011b st\u00e1v\u00e1 tradice, je pravideln\u00fdm \t\t\tzastaven\u00edm p\u0159i ka\u017ed\u00e9 cest\u011b do kempu.<\/p>\n\n\n\n<p class=\"has-medium-font-size\">Sistranda<\/p>\n\n\n\n<p>Sistranda je jedno z nejbli\u017e\u0161\u00edch &#8222;v\u011bt\u0161\u00edch&#8220; m\u011bste\u010dek v okol\u00ed. Bude \t\t\tto c\u00edlov\u00e9 m\u00edsto pro v\u011bt\u0161\u00ed n\u00e1kupy a tak\u00e9 m\u00edsto s mo\u017enost\u00ed n\u00e1kupu \t\t\tsuven\u00fdr\u016f\/oble\u010den\u00ed atp.<\/p>\n\n\n\n<p>Doporu\u010duji nav\u0161t\u00edvit m\u00edstn\u00ed n\u00e1kupn\u00ed st\u0159edisko, kdo sch\u00e1n\u00ed n\u011bco &#8222;na \t\t\tsebe&#8220;, bude p\u0159ekvapen v\u00fdb\u011brem sportovn\u00edho a zimn\u00edho oble\u010den\u00ed a \t\t\tcelkem p\u0159\u00edjemn\u00fdmi cenami. Dost \u010dasto se tak\u00e9 do\u010dk\u00e1te n\u011bjak\u00e9 \t\t\takce\/v\u00fdprodeje.<\/p>\n\n\n\n<p class=\"has-very-dark-gray-color has-text-color has-medium-font-size\"><a>Trondheim<\/a><\/p>\n\n\n\n<p>Na samostatnou kapitolu by vydal Trondheim &#8211; m\u016f\u017eu jen doporu\u010dit, pevnost, muzea, p\u011bkn\u00e9 je i m\u011bsto jako takov\u00e9 a nen\u00ed to n\u011bjak extra daleko. Pokud se rozfouk\u00e1 na cel\u00fd den, stoj\u00ed to za zv\u00e1\u017een\u00ed, zda nevyrazit i sem.<\/p>\n\n\n\n<p class=\"has-very-dark-gray-color has-text-color has-medium-font-size\"><a>Titran<\/a><\/p>\n\n\n\n<p>Jedn\u00edm z dal\u0161\u00edch m\u00edst, kam se d\u00e1 ud\u011blat v\u00fdlet, je Titran. Z kempu  v\u00e1s \u010dek\u00e1 zhruba 40km cesta na Froyu, respektive jej\u00ed z\u00e1padn\u00ed konec.  Hned v \u00favodu si u\u017eijete dal\u0161\u00ed podmo\u0159sk\u00fd tunel, pravda tentokr\u00e1teo  n\u011bco m\u00e9n\u011b &#8222;hlubok\u00fd&#8220;, ale i tak stoj\u00ed se sv\u00fdmi 164 metry pod mo\u0159skou  hladinou a d\u00e9lkou 5305 metr\u016f za zm\u00ednku.<\/p>\n\n\n\n<div class=\"wp-block-image\"><figure class=\"aligncenter\"><img decoding=\"async\" loading=\"lazy\" width=\"800\" height=\"533\" src=\"http:\/\/www.rybareninorsko.eu\/wp-content\/uploads\/2019\/09\/img1.jpg\" alt=\"\" class=\"wp-image-1518\" srcset=\"https:\/\/www.rybareninorsko.cz\/wp-content\/uploads\/2019\/09\/img1.jpg 800w, https:\/\/www.rybareninorsko.cz\/wp-content\/uploads\/2019\/09\/img1-600x400.jpg 600w, https:\/\/www.rybareninorsko.cz\/wp-content\/uploads\/2019\/09\/img1-300x200.jpg 300w, https:\/\/www.rybareninorsko.cz\/wp-content\/uploads\/2019\/09\/img1-768x512.jpg 768w\" sizes=\"(max-width: 800px) 100vw, 800px\" \/><\/figure><\/div>\n\n\n\n<p>Po projet\u00ed tunelem se m\u016f\u017eete vydat d\u00e1le na sever sm\u011br Sistranda a  objet ostrov po jeho horn\u00ed \u010d\u00e1sti nebo p\u0159\u00edmo na z\u00e1pad. Doporu\u010duji  vyu\u017e\u00edt ob\u011b cesty a procestovat tak prakticky celou Froyu.<\/p>\n\n\n\n<div class=\"wp-block-image\"><figure class=\"aligncenter\"><img decoding=\"async\" loading=\"lazy\" width=\"800\" height=\"598\" src=\"http:\/\/www.rybareninorsko.eu\/wp-content\/uploads\/2019\/09\/img2.jpg\" alt=\"\" class=\"wp-image-1519\" srcset=\"https:\/\/www.rybareninorsko.cz\/wp-content\/uploads\/2019\/09\/img2.jpg 800w, https:\/\/www.rybareninorsko.cz\/wp-content\/uploads\/2019\/09\/img2-300x225.jpg 300w, https:\/\/www.rybareninorsko.cz\/wp-content\/uploads\/2019\/09\/img2-600x449.jpg 600w, https:\/\/www.rybareninorsko.cz\/wp-content\/uploads\/2019\/09\/img2-768x574.jpg 768w\" sizes=\"(max-width: 800px) 100vw, 800px\" \/><\/figure><\/div>\n\n\n\n<p>Froya je, jak je v t\u00e9to oblasti b\u011b\u017en\u00e9, prakticky bez strom\u016f a  p\u0159edev\u0161\u00edm v z\u00e1padn\u00ed \u010d\u00e1sti pom\u011brn\u011b rovinat\u00e1. Uvid\u00edte tak i p\u0159\u00edmo ze  silnice do \u0161irok\u00e9ho okol\u00ed. Po slab\u00e9 p\u016flhodince cesty doraz\u00edte do  Titranu.<\/p>\n\n\n\n<div class=\"wp-block-image\"><figure class=\"aligncenter\"><img decoding=\"async\" loading=\"lazy\" width=\"800\" height=\"598\" src=\"http:\/\/www.rybareninorsko.eu\/wp-content\/uploads\/2019\/09\/img3.jpg\" alt=\"\" class=\"wp-image-1520\" srcset=\"https:\/\/www.rybareninorsko.cz\/wp-content\/uploads\/2019\/09\/img3.jpg 800w, https:\/\/www.rybareninorsko.cz\/wp-content\/uploads\/2019\/09\/img3-300x225.jpg 300w, https:\/\/www.rybareninorsko.cz\/wp-content\/uploads\/2019\/09\/img3-600x449.jpg 600w, https:\/\/www.rybareninorsko.cz\/wp-content\/uploads\/2019\/09\/img3-768x574.jpg 768w\" sizes=\"(max-width: 800px) 100vw, 800px\" \/><\/figure><\/div>\n\n\n\n<p>Titran bych nazval vesni\u010dkou &#8222;na konci sv\u011bta&#8220;, kdy\u017e do n\u00ed  p\u0159ijedete za kr\u00e1sn\u00e9ho po\u010das\u00ed, skoro v\u00e1s a\u017e napadne my\u0161lenka, jak by  se tam \u017eilo. Rok pot\u00e9 jsme m\u011bl mo\u017enost zajet si tam v obdob\u00ed, kdy  nebylo ani 30m\/s pro v\u00edtr kone\u010dnou a \u010dlov\u011bk p\u0159eci jen pon\u011bkud zm\u011bn\u00ed  n\u00e1zor :-). Nicm\u00e9n\u011b pr\u00e1v\u011b dny, kdy je v\u011btrno a mo\u0159e \u00fato\u010d\u00ed na  relativn\u011b vysok\u00e9 skalnat\u00e9 pob\u0159e\u017e\u00ed, jsou pro n\u00e1v\u0161t\u011bvu Titranu jako  d\u011blan\u00e9. \u010clov\u011bk si uv\u011bdom\u00ed neskute\u010dnou s\u00edlu mo\u0159e!<\/p>\n\n\n\n<div class=\"wp-block-image\"><figure class=\"aligncenter\"><img decoding=\"async\" loading=\"lazy\" width=\"800\" height=\"600\" src=\"http:\/\/www.rybareninorsko.eu\/wp-content\/uploads\/2019\/09\/img5.jpg\" alt=\"\" class=\"wp-image-1521\" srcset=\"https:\/\/www.rybareninorsko.cz\/wp-content\/uploads\/2019\/09\/img5.jpg 800w, https:\/\/www.rybareninorsko.cz\/wp-content\/uploads\/2019\/09\/img5-300x225.jpg 300w, https:\/\/www.rybareninorsko.cz\/wp-content\/uploads\/2019\/09\/img5-600x450.jpg 600w, https:\/\/www.rybareninorsko.cz\/wp-content\/uploads\/2019\/09\/img5-768x576.jpg 768w\" sizes=\"(max-width: 800px) 100vw, 800px\" \/><\/figure><\/div>\n\n\n\n<p>P\u0159\u00edmo v m\u00edst\u011b tak\u00e9 najdete p\u016fvodn\u00ed pevnost z obdob\u00ed druh\u00e9 sv\u011btov\u00e9  v\u00e1lky, u kter\u00e9 je i velk\u00fd &#8222;komplex&#8220; podzemn\u00edch chodeb. Ty jsou  ofici\u00e1ln\u011b uzav\u0159en\u00e9, nicm\u00e9n\u011b nezam\u010den\u00e1 cesta do nich se d\u00e1 naj\u00edt.  Osobn\u00e9 jsem v nich nebyl, jen jsem nahl\u00e9dl. Siln\u00e1 baterka je v\u0161ak  samoz\u0159ejmost\u00ed&#8230;<\/p>\n\n\n\n<div class=\"wp-block-image\"><figure class=\"aligncenter\"><img decoding=\"async\" loading=\"lazy\" width=\"800\" height=\"600\" src=\"http:\/\/www.rybareninorsko.eu\/wp-content\/uploads\/2019\/09\/img6.jpg\" alt=\"\" class=\"wp-image-1522\" srcset=\"https:\/\/www.rybareninorsko.cz\/wp-content\/uploads\/2019\/09\/img6.jpg 800w, https:\/\/www.rybareninorsko.cz\/wp-content\/uploads\/2019\/09\/img6-300x225.jpg 300w, https:\/\/www.rybareninorsko.cz\/wp-content\/uploads\/2019\/09\/img6-600x450.jpg 600w, https:\/\/www.rybareninorsko.cz\/wp-content\/uploads\/2019\/09\/img6-768x576.jpg 768w\" sizes=\"(max-width: 800px) 100vw, 800px\" \/><\/figure><\/div>\n\n\n\n<p>Mezi textem najdete fotky pr\u00e1v\u011b z obdob\u00ed siln\u00e9ho v\u011btru. <\/p>\n","protected":false},"excerpt":{"rendered":"<p>Zaj\u00edmav\u00e1 m\u00edsta Pokud se v\u00e1m n\u00e1hodou nebude cht\u00edt vyjet na mo\u0159e, d\u00e1 se okol\u00ed vyu\u017e\u00edt i pro cestov\u00e1n\u00ed. K nalezen\u00ed je nem\u00e1lo zaj\u00edmav\u00fdch m\u00edst a o p\u00e1r z nich se zde pod\u011bl\u00edme. Obsah budeme postupn\u011b roz\u0161i\u0159ovat a informaci o nov\u00e9m m\u00edst\u011b najdete v\u017edy i v novink\u00e1ch. Za\u010dneme nejbli\u017e\u0161\u00edm okol\u00edm dostupn\u00fdm mnohdy i p\u011b\u0161ky. Pokud m\u00e1te [&hellip;]<\/p>\n","protected":false},"author":1,"featured_media":0,"parent":0,"menu_order":0,"comment_status":"closed","ping_status":"closed","template":"","meta":[],"_links":{"self":[{"href":"https:\/\/www.rybareninorsko.cz\/index.php?rest_route=\/wp\/v2\/pages\/35"}],"collection":[{"href":"https:\/\/www.rybareninorsko.cz\/index.php?rest_route=\/wp\/v2\/pages"}],"about":[{"href":"https:\/\/www.rybareninorsko.cz\/index.php?rest_route=\/wp\/v2\/types\/page"}],"author":[{"embeddable":true,"href":"https:\/\/www.rybareninorsko.cz\/index.php?rest_route=\/wp\/v2\/users\/1"}],"replies":[{"embeddable":true,"href":"https:\/\/www.rybareninorsko.cz\/index.php?rest_route=%2Fwp%2Fv2%2Fcomments&post=35"}],"version-history":[{"count":5,"href":"https:\/\/www.rybareninorsko.cz\/index.php?rest_route=\/wp\/v2\/pages\/35\/revisions"}],"predecessor-version":[{"id":2649,"href":"https:\/\/www.rybareninorsko.cz\/index.php?rest_route=\/wp\/v2\/pages\/35\/revisions\/2649"}],"wp:attachment":[{"href":"https:\/\/www.rybareninorsko.cz\/index.php?rest_route=%2Fwp%2Fv2%2Fmedia&parent=35"}],"curies":[{"name":"wp","href":"https:\/\/api.w.org\/{rel}","templated":true}]}}